{"id":20578,"date":"2024-02-01T12:52:50","date_gmt":"2024-02-01T12:52:50","guid":{"rendered":"https:\/\/ftcmedya.com\/?page_id=20578"},"modified":"2024-11-28T04:52:56","modified_gmt":"2024-11-28T04:52:56","slug":"projeler","status":"publish","type":"page","link":"https:\/\/ftc.technology\/en\/projeler\/","title":{"rendered":"Projects"},"content":{"rendered":"<div data-elementor-type=\"wp-page\" data-elementor-id=\"20578\" class=\"elementor elementor-20578\">\n\t\t\t\t\t\t<section class=\"elementor-section elementor-top-section elementor-element elementor-element-38e13b0 elementor-section-full_width elementor-section-height-default elementor-section-height-default sc_fly_static\" data-id=\"38e13b0\" data-element_type=\"section\" data-settings=\"{&quot;background_background&quot;:&quot;classic&quot;}\">\n\t\t\t\t\t\t<div class=\"elementor-container elementor-column-gap-no\">\n\t\t\t\t\t<div class=\"elementor-column elementor-col-100 elementor-top-column elementor-element elementor-element-c0501e2 sc_content_align_inherit sc_layouts_column_icons_position_left sc_fly_static\" data-id=\"c0501e2\" data-element_type=\"column\">\n\t\t\t<div class=\"elementor-widget-wrap elementor-element-populated\">\n\t\t\t\t\t\t<div class=\"elementor-element elementor-element-2e230ba sc_height_huge sc_fly_static elementor-widget elementor-widget-spacer\" data-id=\"2e230ba\" data-element_type=\"widget\" data-widget_type=\"spacer.default\">\n\t\t\t\t<div class=\"elementor-widget-container\">\n\t\t\t\t\t\t\t<div class=\"elementor-spacer\">\n\t\t\t<div class=\"elementor-spacer-inner\"><\/div>\n\t\t<\/div>\n\t\t\t\t\t\t<\/div>\n\t\t\t\t<\/div>\n\t\t\t\t<div class=\"elementor-element elementor-element-242a139 sc_layouts_hide_on_notebook sc_layouts_hide_on_tablet sc_layouts_hide_on_mobile sc_fly_static elementor-widget elementor-widget-spacer\" data-id=\"242a139\" data-element_type=\"widget\" data-widget_type=\"spacer.default\">\n\t\t\t\t<div class=\"elementor-widget-container\">\n\t\t\t\t\t\t\t<div class=\"elementor-spacer\">\n\t\t\t<div class=\"elementor-spacer-inner\"><\/div>\n\t\t<\/div>\n\t\t\t\t\t\t<\/div>\n\t\t\t\t<\/div>\n\t\t\t\t<div class=\"elementor-element elementor-element-3925549 sc_fly_static elementor-widget elementor-widget-trx_sc_portfolio\" data-id=\"3925549\" data-element_type=\"widget\" data-widget_type=\"trx_sc_portfolio.default\">\n\t\t\t\t<div class=\"elementor-widget-container\">\n\t\t\t\t\t<div \t\tclass=\"sc_portfolio sc_portfolio_band\"><div class=\"sc_portfolio_content sc_item_content sc_item_posts_container              grid_wrap_7\"><div data-post-id=\"29801\" class=\"sc_portfolio_item sc_item_container post_container\"\r\n\t\tdata-size=\"1536x1024\"\r\n\tdata-src=\"https:\/\/ftc.technology\/wp-content\/uploads\/2026\/04\/c3d2d63a-1f59-4f40-92e3-306a5efb74fc.jpg\"\r\n\t>\r\n\t<div class=\"post_featured with_thumb hover_link sc_portfolio_item_thumb trx_addons_image_effects_on_waves2\" data-image-effect-strength=\"30\"><img fetchpriority=\"high\" decoding=\"async\" width=\"890\" height=\"664\" src=\"https:\/\/ftc.technology\/wp-content\/uploads\/2026\/04\/c3d2d63a-1f59-4f40-92e3-306a5efb74fc-890x664.jpg\" class=\"attachment-modernee-thumb-square size-modernee-thumb-square wp-post-image\" alt=\"\" srcset=\"https:\/\/ftc.technology\/wp-content\/uploads\/2026\/04\/c3d2d63a-1f59-4f40-92e3-306a5efb74fc-890x664.jpg 890w, https:\/\/ftc.technology\/wp-content\/uploads\/2026\/04\/c3d2d63a-1f59-4f40-92e3-306a5efb74fc-18x12.jpg 18w\" sizes=\"(max-width: 890px) 100vw, 890px\" \/>\t\t\t\t\t\t<div class=\"mask\"><\/div>\n\t\t\t\t\t\t\t\t\t<a href=\"https:\/\/ftc.technology\/en\/portfolio\/yapay-zeka-destekli-akilli-atik-ayiklama-sistemi\/\"  aria-hidden=\"true\" class=\"link\"><\/a>\r\n\t\t\t<\/div>    <div class=\"post_content_wrap\">\r\n        <div class=\"post_meta\"><span class=\"post_meta_item post_categories cat_sep\"><a href=\"https:\/\/ftc.technology\/en\/portfolio_group\/genel\/\" title=\"View all posts in Genel\">General<\/a><span class=\"post_meta_item_cat_separator\">, <\/span><a href=\"https:\/\/ftc.technology\/en\/portfolio_group\/proje\/\" title=\"View all posts in Proje\">Project<\/a><span class=\"post_meta_item_cat_separator\">, <\/span><a href=\"https:\/\/ftc.technology\/en\/portfolio_group\/yazilim\/\" title=\"View all posts in Yaz\u0131l\u0131m\">Yaz\u0131l\u0131m<\/a><\/span><\/div>            <h2 class=\"post_title\">\r\n                    <a href=\"https:\/\/ftc.technology\/en\/portfolio\/yapay-zeka-destekli-akilli-atik-ayiklama-sistemi\/\">Yapay Zeka Destekli Ak\u0131ll\u0131 At\u0131k Ay\u0131klama Sistemi<\/a>\r\n                    <\/h2>\r\n        \r\n                    <div class=\"post_description_content\">  <\/div>\r\n                <a href=\"https:\/\/ftc.technology\/en\/portfolio\/yapay-zeka-destekli-akilli-atik-ayiklama-sistemi\/\" class=\"theme_button\"><span class=\"post_readmore_label\">Review <\/span><span class=\"hover-arrow\"><\/span><\/a>\r\n        \r\n\r\n    <\/div>\r\n<\/div><div data-post-id=\"29135\" class=\"sc_portfolio_item sc_item_container post_container\"\r\n\t\tdata-size=\"1048x528\"\r\n\tdata-src=\"https:\/\/ftc.technology\/wp-content\/uploads\/2024\/11\/image-1.png\"\r\n\t>\r\n\t<div class=\"post_featured with_thumb hover_link sc_portfolio_item_thumb trx_addons_image_effects_on_waves2\" data-image-effect-strength=\"30\"><img decoding=\"async\" width=\"890\" height=\"528\" src=\"https:\/\/ftc.technology\/wp-content\/uploads\/2024\/11\/image-1-890x528.png\" class=\"attachment-modernee-thumb-square size-modernee-thumb-square wp-post-image\" alt=\"\" \/>\t\t\t\t\t\t<div class=\"mask\"><\/div>\n\t\t\t\t\t\t\t\t\t<a href=\"https:\/\/ftc.technology\/en\/portfolio\/avm-yonetim-sistemi\/\"  aria-hidden=\"true\" class=\"link\"><\/a>\r\n\t\t\t<\/div>    <div class=\"post_content_wrap\">\r\n        <div class=\"post_meta\"><span class=\"post_meta_item post_categories cat_sep\"><a href=\"https:\/\/ftc.technology\/en\/portfolio_group\/genel\/\" title=\"View all posts in Genel\">General<\/a><span class=\"post_meta_item_cat_separator\">, <\/span><a href=\"https:\/\/ftc.technology\/en\/portfolio_group\/yazilim\/\" title=\"View all posts in Yaz\u0131l\u0131m\">Yaz\u0131l\u0131m<\/a><\/span><\/div>            <h2 class=\"post_title\">\r\n                    <a href=\"https:\/\/ftc.technology\/en\/portfolio\/avm-yonetim-sistemi\/\">AVM Y\u00f6netim Sistemi<\/a>\r\n                    <\/h2>\r\n        \r\n                    <div class=\"post_description_content\">  <\/div>\r\n                <a href=\"https:\/\/ftc.technology\/en\/portfolio\/avm-yonetim-sistemi\/\" class=\"theme_button\"><span class=\"post_readmore_label\">Review <\/span><span class=\"hover-arrow\"><\/span><\/a>\r\n        \r\n\r\n    <\/div>\r\n<\/div><div data-post-id=\"29131\" class=\"sc_portfolio_item sc_item_container post_container\"\r\n\t\tdata-size=\"1456x720\"\r\n\tdata-src=\"https:\/\/ftc.technology\/wp-content\/uploads\/2024\/11\/ftc-uretim-360-1.png\"\r\n\t>\r\n\t<div class=\"post_featured with_thumb hover_link sc_portfolio_item_thumb trx_addons_image_effects_on_waves2\" data-image-effect-strength=\"30\"><img decoding=\"async\" width=\"890\" height=\"664\" src=\"https:\/\/ftc.technology\/wp-content\/uploads\/2024\/11\/ftc-uretim-360-1-890x664.png\" class=\"attachment-modernee-thumb-square size-modernee-thumb-square wp-post-image\" alt=\"\" \/>\t\t\t\t\t\t<div class=\"mask\"><\/div>\n\t\t\t\t\t\t\t\t\t<a href=\"https:\/\/ftc.technology\/en\/portfolio\/ftc-uretim-360\/\"  aria-hidden=\"true\" class=\"link\"><\/a>\r\n\t\t\t<\/div>    <div class=\"post_content_wrap\">\r\n        <div class=\"post_meta\"><span class=\"post_meta_item post_categories cat_sep\"><a href=\"https:\/\/ftc.technology\/en\/portfolio_group\/genel\/\" title=\"View all posts in Genel\">General<\/a><span class=\"post_meta_item_cat_separator\">, <\/span><a href=\"https:\/\/ftc.technology\/en\/portfolio_group\/proje\/\" title=\"View all posts in Proje\">Project<\/a><span class=\"post_meta_item_cat_separator\">, <\/span><a href=\"https:\/\/ftc.technology\/en\/portfolio_group\/yazilim\/\" title=\"View all posts in Yaz\u0131l\u0131m\">Yaz\u0131l\u0131m<\/a><\/span><\/div>            <h2 class=\"post_title\">\r\n                    <a href=\"https:\/\/ftc.technology\/en\/portfolio\/ftc-uretim-360\/\">FTC \u00dcretim 360<\/a>\r\n                    <\/h2>\r\n        \r\n                    <div class=\"post_description_content\">  <\/div>\r\n                <a href=\"https:\/\/ftc.technology\/en\/portfolio\/ftc-uretim-360\/\" class=\"theme_button\"><span class=\"post_readmore_label\">Review <\/span><span class=\"hover-arrow\"><\/span><\/a>\r\n        \r\n\r\n    <\/div>\r\n<\/div><div data-post-id=\"29127\" class=\"sc_portfolio_item sc_item_container post_container\"\r\n\t\tdata-size=\"1456x720\"\r\n\tdata-src=\"https:\/\/ftc.technology\/wp-content\/uploads\/2024\/11\/ftccrm-2.png\"\r\n\t>\r\n\t<div class=\"post_featured with_thumb hover_link sc_portfolio_item_thumb trx_addons_image_effects_on_waves2\" data-image-effect-strength=\"30\"><img loading=\"lazy\" decoding=\"async\" width=\"890\" height=\"664\" src=\"https:\/\/ftc.technology\/wp-content\/uploads\/2024\/11\/ftccrm-2-890x664.png\" class=\"attachment-modernee-thumb-square size-modernee-thumb-square wp-post-image\" alt=\"\" \/>\t\t\t\t\t\t<div class=\"mask\"><\/div>\n\t\t\t\t\t\t\t\t\t<a href=\"https:\/\/ftc.technology\/en\/portfolio\/ftc-crm\/\"  aria-hidden=\"true\" class=\"link\"><\/a>\r\n\t\t\t<\/div>    <div class=\"post_content_wrap\">\r\n        <div class=\"post_meta\"><span class=\"post_meta_item post_categories cat_sep\"><a href=\"https:\/\/ftc.technology\/en\/portfolio_group\/genel\/\" title=\"View all posts in Genel\">General<\/a><span class=\"post_meta_item_cat_separator\">, <\/span><a href=\"https:\/\/ftc.technology\/en\/portfolio_group\/yazilim\/\" title=\"View all posts in Yaz\u0131l\u0131m\">Yaz\u0131l\u0131m<\/a><\/span><\/div>            <h2 class=\"post_title\">\r\n                    <a href=\"https:\/\/ftc.technology\/en\/portfolio\/ftc-crm\/\">FTC CRM<\/a>\r\n                    <\/h2>\r\n        \r\n                    <div class=\"post_description_content\">  <\/div>\r\n                <a href=\"https:\/\/ftc.technology\/en\/portfolio\/ftc-crm\/\" class=\"theme_button\"><span class=\"post_readmore_label\">Review <\/span><span class=\"hover-arrow\"><\/span><\/a>\r\n        \r\n\r\n    <\/div>\r\n<\/div><div data-post-id=\"29123\" class=\"sc_portfolio_item sc_item_container post_container\"\r\n\t\tdata-size=\"1456x720\"\r\n\tdata-src=\"https:\/\/ftc.technology\/wp-content\/uploads\/2024\/11\/Imar-sistemi-1.png\"\r\n\t>\r\n\t<div class=\"post_featured with_thumb hover_link sc_portfolio_item_thumb trx_addons_image_effects_on_waves2\" data-image-effect-strength=\"30\"><img loading=\"lazy\" decoding=\"async\" width=\"890\" height=\"664\" src=\"https:\/\/ftc.technology\/wp-content\/uploads\/2024\/11\/Imar-sistemi-1-890x664.png\" class=\"attachment-modernee-thumb-square size-modernee-thumb-square wp-post-image\" alt=\"\" \/>\t\t\t\t\t\t<div class=\"mask\"><\/div>\n\t\t\t\t\t\t\t\t\t<a href=\"https:\/\/ftc.technology\/en\/portfolio\/e-imar\/\"  aria-hidden=\"true\" class=\"link\"><\/a>\r\n\t\t\t<\/div>    <div class=\"post_content_wrap\">\r\n        <div class=\"post_meta\"><span class=\"post_meta_item post_categories cat_sep\"><a href=\"https:\/\/ftc.technology\/en\/portfolio_group\/genel\/\" title=\"View all posts in Genel\">General<\/a><span class=\"post_meta_item_cat_separator\">, <\/span><a href=\"https:\/\/ftc.technology\/en\/portfolio_group\/proje\/\" title=\"View all posts in Proje\">Project<\/a><span class=\"post_meta_item_cat_separator\">, <\/span><a href=\"https:\/\/ftc.technology\/en\/portfolio_group\/yazilim\/\" title=\"View all posts in Yaz\u0131l\u0131m\">Yaz\u0131l\u0131m<\/a><\/span><\/div>            <h2 class=\"post_title\">\r\n                    <a href=\"https:\/\/ftc.technology\/en\/portfolio\/e-imar\/\">E-\u0130mar<\/a>\r\n                    <\/h2>\r\n        \r\n                    <div class=\"post_description_content\">  <\/div>\r\n                <a href=\"https:\/\/ftc.technology\/en\/portfolio\/e-imar\/\" class=\"theme_button\"><span class=\"post_readmore_label\">Review <\/span><span class=\"hover-arrow\"><\/span><\/a>\r\n        \r\n\r\n    <\/div>\r\n<\/div><div data-post-id=\"29119\" class=\"sc_portfolio_item sc_item_container post_container\"\r\n\t\tdata-size=\"1536x1024\"\r\n\tdata-src=\"https:\/\/ftc.technology\/wp-content\/uploads\/2024\/11\/854b998d-5a59-4d34-8e87-a7b3fb3924c1.jpg\"\r\n\t>\r\n\t<div class=\"post_featured with_thumb hover_link sc_portfolio_item_thumb trx_addons_image_effects_on_waves2\" data-image-effect-strength=\"30\"><img loading=\"lazy\" decoding=\"async\" width=\"890\" height=\"664\" src=\"https:\/\/ftc.technology\/wp-content\/uploads\/2024\/11\/854b998d-5a59-4d34-8e87-a7b3fb3924c1-890x664.jpg\" class=\"attachment-modernee-thumb-square size-modernee-thumb-square wp-post-image\" alt=\"\" srcset=\"https:\/\/ftc.technology\/wp-content\/uploads\/2024\/11\/854b998d-5a59-4d34-8e87-a7b3fb3924c1-890x664.jpg 890w, https:\/\/ftc.technology\/wp-content\/uploads\/2024\/11\/854b998d-5a59-4d34-8e87-a7b3fb3924c1-18x12.jpg 18w\" sizes=\"(max-width: 890px) 100vw, 890px\" \/>\t\t\t\t\t\t<div class=\"mask\"><\/div>\n\t\t\t\t\t\t\t\t\t<a href=\"https:\/\/ftc.technology\/en\/portfolio\/sehir-rehberi\/\"  aria-hidden=\"true\" class=\"link\"><\/a>\r\n\t\t\t<\/div>    <div class=\"post_content_wrap\">\r\n        <div class=\"post_meta\"><span class=\"post_meta_item post_categories cat_sep\"><a href=\"https:\/\/ftc.technology\/en\/portfolio_group\/genel\/\" title=\"View all posts in Genel\">General<\/a><span class=\"post_meta_item_cat_separator\">, <\/span><a href=\"https:\/\/ftc.technology\/en\/portfolio_group\/mobil-uygulama\/\" title=\"View all posts in Mobil Uygulama\">Mobile Application<\/a><span class=\"post_meta_item_cat_separator\">, <\/span><a href=\"https:\/\/ftc.technology\/en\/portfolio_group\/yazilim\/\" title=\"View all posts in Yaz\u0131l\u0131m\">Yaz\u0131l\u0131m<\/a><\/span><\/div>            <h2 class=\"post_title\">\r\n                    <a href=\"https:\/\/ftc.technology\/en\/portfolio\/sehir-rehberi\/\">\u015eehir Rehberi<\/a>\r\n                    <\/h2>\r\n        \r\n                    <div class=\"post_description_content\">  <\/div>\r\n                <a href=\"https:\/\/ftc.technology\/en\/portfolio\/sehir-rehberi\/\" class=\"theme_button\"><span class=\"post_readmore_label\">Review <\/span><span class=\"hover-arrow\"><\/span><\/a>\r\n        \r\n\r\n    <\/div>\r\n<\/div><div data-post-id=\"3219\" class=\"sc_portfolio_item sc_item_container post_container\"\r\n\t\tdata-size=\"850x564\"\r\n\tdata-src=\"https:\/\/ftc.technology\/wp-content\/uploads\/2024\/02\/Valilik-1-jpg.webp\"\r\n\t>\r\n\t<div class=\"post_featured with_thumb hover_link sc_portfolio_item_thumb trx_addons_image_effects_on_waves2\" data-image-effect-strength=\"30\"><img loading=\"lazy\" decoding=\"async\" width=\"850\" height=\"564\" src=\"https:\/\/ftc.technology\/wp-content\/uploads\/2024\/02\/Valilik-1-jpg.webp\" class=\"attachment-modernee-thumb-square size-modernee-thumb-square wp-post-image\" alt=\"\" srcset=\"https:\/\/ftc.technology\/wp-content\/uploads\/2024\/02\/Valilik-1-jpg.webp 850w, https:\/\/ftc.technology\/wp-content\/uploads\/2024\/02\/Valilik-1-jpg-300x199.webp 300w, https:\/\/ftc.technology\/wp-content\/uploads\/2024\/02\/Valilik-1-jpg-768x510.webp 768w, https:\/\/ftc.technology\/wp-content\/uploads\/2024\/02\/Valilik-1-jpg-370x246.webp 370w, https:\/\/ftc.technology\/wp-content\/uploads\/2024\/02\/Valilik-1-jpg-840x557.webp 840w, https:\/\/ftc.technology\/wp-content\/uploads\/2024\/02\/Valilik-1-jpg-410x272.webp 410w\" sizes=\"(max-width: 850px) 100vw, 850px\" \/>\t\t\t\t\t\t<div class=\"mask\"><\/div>\n\t\t\t\t\t\t\t\t\t<a href=\"https:\/\/ftc.technology\/en\/portfolio\/gel-konusalim\/\"  aria-hidden=\"true\" class=\"link\"><\/a>\r\n\t\t\t<\/div>    <div class=\"post_content_wrap\">\r\n        <div class=\"post_meta\"><span class=\"post_meta_item post_categories cat_sep\"><a href=\"https:\/\/ftc.technology\/en\/portfolio_group\/genel\/\" title=\"View all posts in Genel\">General<\/a><span class=\"post_meta_item_cat_separator\">, <\/span><a href=\"https:\/\/ftc.technology\/en\/portfolio_group\/mobil-uygulama\/\" title=\"View all posts in Mobil Uygulama\">Mobile Application<\/a><span class=\"post_meta_item_cat_separator\">, <\/span><a href=\"https:\/\/ftc.technology\/en\/portfolio_group\/proje\/\" title=\"View all posts in Proje\">Project<\/a><\/span><\/div>            <h2 class=\"post_title\">\r\n                    <a href=\"https:\/\/ftc.technology\/en\/portfolio\/gel-konusalim\/\">Governorship of Edirne - Let's Talk Project<\/a>\r\n                    <\/h2>\r\n        \r\n                    <div class=\"post_description_content\">  <\/div>\r\n                <a href=\"https:\/\/ftc.technology\/en\/portfolio\/gel-konusalim\/\" class=\"theme_button\"><span class=\"post_readmore_label\">Review <\/span><span class=\"hover-arrow\"><\/span><\/a>\r\n        \r\n\r\n    <\/div>\r\n<\/div><\/div><\/div>\t\t\t\t<\/div>\n\t\t\t\t<\/div>\n\t\t\t\t<div class=\"elementor-element elementor-element-ec9bf8f sc_layouts_hide_on_notebook sc_layouts_hide_on_tablet sc_layouts_hide_on_mobile sc_fly_static elementor-widget elementor-widget-spacer\" data-id=\"ec9bf8f\" data-element_type=\"widget\" data-widget_type=\"spacer.default\">\n\t\t\t\t<div class=\"elementor-widget-container\">\n\t\t\t\t\t\t\t<div class=\"elementor-spacer\">\n\t\t\t<div class=\"elementor-spacer-inner\"><\/div>\n\t\t<\/div>\n\t\t\t\t\t\t<\/div>\n\t\t\t\t<\/div>\n\t\t\t\t<div class=\"elementor-element elementor-element-8d47b25 sc_height_huge sc_fly_static elementor-widget elementor-widget-spacer\" data-id=\"8d47b25\" data-element_type=\"widget\" data-widget_type=\"spacer.default\">\n\t\t\t\t<div class=\"elementor-widget-container\">\n\t\t\t\t\t\t\t<div class=\"elementor-spacer\">\n\t\t\t<div class=\"elementor-spacer-inner\"><\/div>\n\t\t<\/div>\n\t\t\t\t\t\t<\/div>\n\t\t\t\t<\/div>\n\t\t\t\t\t<\/div>\n\t\t<\/div>\n\t\t\t\t\t<\/div>\n\t\t<\/section>\n\t\t\t\t<\/div>","protected":false},"excerpt":{"rendered":"<p>Genel, Web Tasar\u0131m Siron Web Tasar\u0131m \u0130ncele Genel, Katalog Yeti\u015f Healths Katalog \u0130ncele Genel, Katalog Yap\u0131 Market Katalog \u0130ncele E-Ticaret, Genel Peynir Dura\u011f\u0131m E-Ticaret \u0130ncele E-Ticaret, Genel Nipa Elektrik E-Ticaret&hellip;<\/p>","protected":false},"author":1,"featured_media":0,"parent":0,"menu_order":0,"comment_status":"closed","ping_status":"closed","template":"","meta":{"footnotes":""},"class_list":["post-20578","page","type-page","status-publish","hentry"],"aioseo_notices":[],"_links":{"self":[{"href":"https:\/\/ftc.technology\/en\/wp-json\/wp\/v2\/pages\/20578","targetHints":{"allow":["GET"]}}],"collection":[{"href":"https:\/\/ftc.technology\/en\/wp-json\/wp\/v2\/pages"}],"about":[{"href":"https:\/\/ftc.technology\/en\/wp-json\/wp\/v2\/types\/page"}],"author":[{"embeddable":true,"href":"https:\/\/ftc.technology\/en\/wp-json\/wp\/v2\/users\/1"}],"replies":[{"embeddable":true,"href":"https:\/\/ftc.technology\/en\/wp-json\/wp\/v2\/comments?post=20578"}],"version-history":[{"count":0,"href":"https:\/\/ftc.technology\/en\/wp-json\/wp\/v2\/pages\/20578\/revisions"}],"wp:attachment":[{"href":"https:\/\/ftc.technology\/en\/wp-json\/wp\/v2\/media?parent=20578"}],"curies":[{"name":"wp","href":"https:\/\/api.w.org\/{rel}","templated":true}]}}